{"id":25001,"date":"2024-04-09T11:47:35","date_gmt":"2024-04-09T11:47:35","guid":{"rendered":"https:\/\/worryfree360.com\/?page_id=25001"},"modified":"2025-05-12T04:05:09","modified_gmt":"2025-05-12T04:05:09","slug":"faqs","status":"publish","type":"page","link":"https:\/\/foreasyhome.com\/fr\/faqs\/","title":{"rendered":"FAQ"},"content":{"rendered":"<div data-elementor-type=\"wp-page\" data-elementor-id=\"25001\" class=\"elementor elementor-25001\" data-elementor-post-type=\"page\">\n\t\t\t\t<div class=\"wd-negative-gap elementor-element elementor-element-75a90b3 wd-section-stretch e-flex e-con-boxed e-con e-parent\" data-id=\"75a90b3\" data-element_type=\"container\" data-settings=\"{&quot;background_background&quot;:&quot;classic&quot;}\">\n\t\t\t\t\t<div class=\"e-con-inner\">\n\t\t<div class=\"elementor-element elementor-element-95acc11 e-con-full e-flex e-con e-child\" data-id=\"95acc11\" data-element_type=\"container\">\n\t\t\t\t<div class=\"elementor-element elementor-element-d90febc elementor-widget elementor-widget-wd_text_block\" data-id=\"d90febc\" data-element_type=\"widget\" data-widget_type=\"wd_text_block.default\">\n\t\t\t\t<div class=\"elementor-widget-container\">\n\t\t\t\t\t\t\t<div class=\"wd-text-block reset-last-child text-left\">\n\t\t\t\n\t\t\t\n\t\t\t\t\t<\/div>\n\t\t\t\t\t\t<\/div>\n\t\t\t\t<\/div>\n\t\t\t\t<div class=\"elementor-element elementor-element-af49689 wd-width-100 elementor-widget elementor-widget-wd_title\" data-id=\"af49689\" data-element_type=\"widget\" data-widget_type=\"wd_title.default\">\n\t\t\t\t<div class=\"elementor-widget-container\">\n\t\t\t\t\t\t\t<div class=\"title-wrapper wd-set-mb reset-last-child wd-title-color-default wd-title-style-default wd-title-size-extra-large text-center\">\n\n\t\t\t\n\t\t\t<div class=\"liner-continer\">\n\t\t\t\t<h1 class=\"woodmart-title-container title wd-fontsize-xxxl wd-underline-colored\">Approvisionnement en Chine : FAQ<\/h1> \n\t\t\t\t\t\t\t<\/div>\n\n\t\t\t\t\t<\/div>\n\t\t\t\t\t\t<\/div>\n\t\t\t\t<\/div>\n\t\t\t\t<\/div>\n\t\t\t\t\t<\/div>\n\t\t\t\t<\/div>\n\t\t<div class=\"wd-negative-gap elementor-element elementor-element-ea7f258 e-flex e-con-boxed e-con e-parent\" data-id=\"ea7f258\" data-element_type=\"container\">\n\t\t\t\t\t<div class=\"e-con-inner\">\n\t\t<div class=\"elementor-element elementor-element-608aeec e-con-full e-flex e-con e-child\" data-id=\"608aeec\" data-element_type=\"container\">\n\t\t\t\t<div class=\"elementor-element elementor-element-9d55c02 wd-width-100 elementor-widget elementor-widget-wd_title\" data-id=\"9d55c02\" data-element_type=\"widget\" data-widget_type=\"wd_title.default\">\n\t\t\t\t<div class=\"elementor-widget-container\">\n\t\t\t\t\t\t\t<div class=\"title-wrapper wd-set-mb reset-last-child wd-title-color-default wd-title-style-default wd-title-size-medium text-center\">\n\n\t\t\t\n\t\t\t<div class=\"liner-continer\">\n\t\t\t\t<h4 class=\"woodmart-title-container title wd-fontsize-xl\">Services d'approvisionnement<\/h4> \n\t\t\t\t\t\t\t<\/div>\n\n\t\t\t\t\t<\/div>\n\t\t\t\t\t\t<\/div>\n\t\t\t\t<\/div>\n\t\t\t\t<div class=\"elementor-element elementor-element-04021df elementor-widget elementor-widget-wd_accordion\" data-id=\"04021df\" data-element_type=\"widget\" data-widget_type=\"wd_accordion.default\">\n\t\t\t\t<div class=\"elementor-widget-container\">\n\t\t\t\t\t\n\t\t<div class=\"wd-accordion wd-style-shadow wd-titles-left wd-opener-pos-right wd-opener-style-arrow\" data-state=\"all_closed\">\n\t\t\t\t\t\t\t\n\t\t\t\t<div class=\"wd-accordion-item\">\n\t\t\t\t\t<div class=\"wd-accordion-title\" data-accordion-index=\"0\">\n\t\t\t\t\t\t<div class=\"wd-accordion-title-text color-scheme-dark\">\n\t\t\t\t\t\t\t\t\t\t\t\t\t\t<span>\n\t\t\t\t\t\t\t\t1. Quels sont les services que vous proposez ?\t\t\t\t\t\t\t<\/span>\n\t\t\t\t\t\t<\/div>\n\t\t\t\t\t\t<span class=\"wd-accordion-opener\"><\/span>\n\t\t\t\t\t<\/div>\n\n\t\t\t\t\t<div class=\"wd-accordion-content wd-entry-content\" data-accordion-index=\"0\">\n\t\t\t\t\t\t\t\t\t\t\t\t\t\n\t\t\t\t\t\t\t<p>Nous fournissons des solutions d'approvisionnement de bout en bout pour les mat\u00e9riaux de construction et le mobilier, y compris le carrelage, l'\u00e9clairage, les articles sanitaires, les portes, les armoires et le mobilier sur mesure. Nos services couvrent la recherche de fournisseurs, les visites d'usine, l'inspection de la qualit\u00e9, la n\u00e9gociation des prix, l'assistance contractuelle et l'exp\u00e9dition.<\/p>\n\t\t\t\t\t\t\t\t\t\t\t\t\t\t\t\t\t\t<\/div>\n\t\t\t\t<\/div>\n\t\t\t\t\t\t\t\n\t\t\t\t<div class=\"wd-accordion-item\">\n\t\t\t\t\t<div class=\"wd-accordion-title\" data-accordion-index=\"1\">\n\t\t\t\t\t\t<div class=\"wd-accordion-title-text color-scheme-dark\">\n\t\t\t\t\t\t\t\t\t\t\t\t\t\t<span>\n\t\t\t\t\t\t\t\t2. Pourquoi ne pas s'approvisionner aupr\u00e8s de fournisseurs locaux ?\t\t\t\t\t\t\t<\/span>\n\t\t\t\t\t\t<\/div>\n\t\t\t\t\t\t<span class=\"wd-accordion-opener\"><\/span>\n\t\t\t\t\t<\/div>\n\n\t\t\t\t\t<div class=\"wd-accordion-content wd-entry-content\" data-accordion-index=\"1\">\n\t\t\t\t\t\t\t\t\t\t\t\t\t\n\t\t\t\t\t\t\t<p>En vous approvisionnant directement en Chine, vous pouvez \u00e9conomiser 30%-50% par rapport aux prix locaux, acc\u00e9der \u00e0 une plus grande s\u00e9lection de produits et b\u00e9n\u00e9ficier d'une assistance directe de l'usine. Notre service garantit une transparence totale, sans co\u00fbts cach\u00e9s ni interm\u00e9diaires.<\/p>\n\t\t\t\t\t\t\t\t\t\t\t\t\t\t\t\t\t\t<\/div>\n\t\t\t\t<\/div>\n\t\t\t\t\t\t\t\n\t\t\t\t<div class=\"wd-accordion-item\">\n\t\t\t\t\t<div class=\"wd-accordion-title\" data-accordion-index=\"2\">\n\t\t\t\t\t\t<div class=\"wd-accordion-title-text color-scheme-dark\">\n\t\t\t\t\t\t\t\t\t\t\t\t\t\t<span>\n\t\t\t\t\t\t\t\t3. Puis-je visiter les usines moi-m\u00eame ?\t\t\t\t\t\t\t<\/span>\n\t\t\t\t\t\t<\/div>\n\t\t\t\t\t\t<span class=\"wd-accordion-opener\"><\/span>\n\t\t\t\t\t<\/div>\n\n\t\t\t\t\t<div class=\"wd-accordion-content wd-entry-content\" data-accordion-index=\"2\">\n\t\t\t\t\t\t\t\t\t\t\t\t\t\n\t\t\t\t\t\t\t<p>Oui. Nous encourageons et aidons nos clients \u00e0 visiter les march\u00e9s d'usine en Chine. Vous aurez la libert\u00e9 de s\u00e9lectionner vos fournisseurs pr\u00e9f\u00e9r\u00e9s avec les conseils de notre \u00e9quipe et l'aide \u00e0 la traduction.<\/p>\n\t\t\t\t\t\t\t\t\t\t\t\t\t\t\t\t\t\t<\/div>\n\t\t\t\t<\/div>\n\t\t\t\t\t\t\t\n\t\t\t\t<div class=\"wd-accordion-item\">\n\t\t\t\t\t<div class=\"wd-accordion-title\" data-accordion-index=\"3\">\n\t\t\t\t\t\t<div class=\"wd-accordion-title-text color-scheme-dark\">\n\t\t\t\t\t\t\t\t\t\t\t\t\t\t<span>\n\t\t\t\t\t\t\t\t4. Quels sont les pays que vous desservez ?\t\t\t\t\t\t\t<\/span>\n\t\t\t\t\t\t<\/div>\n\t\t\t\t\t\t<span class=\"wd-accordion-opener\"><\/span>\n\t\t\t\t\t<\/div>\n\n\t\t\t\t\t<div class=\"wd-accordion-content wd-entry-content\" data-accordion-index=\"3\">\n\t\t\t\t\t\t\t\t\t\t\t\t\t\n\t\t\t\t\t\t\t<p>Nous servons des clients dans le monde entier, notamment aux \u00c9tats-Unis, en Europe, en Asie du Sud-Est, au Moyen-Orient et en Afrique. Quel que soit votre pays, nous pouvons nous charger de l'approvisionnement et de l'exp\u00e9dition.<\/p>\n\t\t\t\t\t\t\t\t\t\t\t\t\t\t\t\t\t\t<\/div>\n\t\t\t\t<\/div>\n\t\t\t\t\t\t\t\n\t\t\t\t<div class=\"wd-accordion-item\">\n\t\t\t\t\t<div class=\"wd-accordion-title\" data-accordion-index=\"4\">\n\t\t\t\t\t\t<div class=\"wd-accordion-title-text color-scheme-dark\">\n\t\t\t\t\t\t\t\t\t\t\t\t\t\t<span>\n\t\t\t\t\t\t\t\t5. Comment commencer ?\t\t\t\t\t\t\t<\/span>\n\t\t\t\t\t\t<\/div>\n\t\t\t\t\t\t<span class=\"wd-accordion-opener\"><\/span>\n\t\t\t\t\t<\/div>\n\n\t\t\t\t\t<div class=\"wd-accordion-content wd-entry-content\" data-accordion-index=\"4\">\n\t\t\t\t\t\t\t\t\t\t\t\t\t\n\t\t\t\t\t\t\t<p>Envoyez-nous les exigences de votre projet, y compris la quantit\u00e9, le style et le type de produit. Nous prendrons rendez-vous avec vous et vous proposerons un plan d'approvisionnement adapt\u00e9 \u00e0 votre budget et \u00e0 votre calendrier.<\/p>\n\t\t\t\t\t\t\t\t\t\t\t\t\t\t\t\t\t\t<\/div>\n\t\t\t\t<\/div>\n\t\t\t\t\t\t\t\n\t\t\t\t<div class=\"wd-accordion-item\">\n\t\t\t\t\t<div class=\"wd-accordion-title\" data-accordion-index=\"5\">\n\t\t\t\t\t\t<div class=\"wd-accordion-title-text color-scheme-dark\">\n\t\t\t\t\t\t\t\t\t\t\t\t\t\t<span>\n\t\t\t\t\t\t\t\t6. Qu'est-ce qui fait que vos services sont dignes de confiance ?\t\t\t\t\t\t\t<\/span>\n\t\t\t\t\t\t<\/div>\n\t\t\t\t\t\t<span class=\"wd-accordion-opener\"><\/span>\n\t\t\t\t\t<\/div>\n\n\t\t\t\t\t<div class=\"wd-accordion-content wd-entry-content\" data-accordion-index=\"5\">\n\t\t\t\t\t\t\t\t\t\t\t\t\t\n\t\t\t\t\t\t\t<p>Nous sommes une soci\u00e9t\u00e9 de sourcing v\u00e9rifi\u00e9e avec plus de 6 ans d'exp\u00e9rience, plus d'un million de followers sur les m\u00e9dias sociaux, et des r\u00e9f\u00e9rences de projets gouvernementaux (\u00c9mirats arabes unis et Malaisie). Nous ne prenons pas de commissions cach\u00e9es et n'avons pas d'obligation d'achat.<\/p>\n\t\t\t\t\t\t\t\t\t\t\t\t\t\t\t\t\t\t<\/div>\n\t\t\t\t<\/div>\n\t\t\t\t\t\t\t\n\t\t\t\t<div class=\"wd-accordion-item\">\n\t\t\t\t\t<div class=\"wd-accordion-title\" data-accordion-index=\"6\">\n\t\t\t\t\t\t<div class=\"wd-accordion-title-text color-scheme-dark\">\n\t\t\t\t\t\t\t\t\t\t\t\t\t\t<span>\n\t\t\t\t\t\t\t\t7. Quels modes de paiement acceptez-vous ?\t\t\t\t\t\t\t<\/span>\n\t\t\t\t\t\t<\/div>\n\t\t\t\t\t\t<span class=\"wd-accordion-opener\"><\/span>\n\t\t\t\t\t<\/div>\n\n\t\t\t\t\t<div class=\"wd-accordion-content wd-entry-content\" data-accordion-index=\"6\">\n\t\t\t\t\t\t\t\t\t\t\t\t\t\n\t\t\t\t\t\t\t<p>Nous acceptons plusieurs m\u00e9thodes de paiement, y compris les virements bancaires et les paiements par carte de cr\u00e9dit, et nous pouvons \u00e9mettre des factures officielles sur demande. En outre, nous disposons de comptes bancaires locaux dans plusieurs pays d'Europe, d'Australie, d'Asie du Sud-Est, des \u00c9tats-Unis et d'Am\u00e9rique du Sud, ce qui vous permet d'effectuer des paiements en devises locales par le biais de virements locaux.<\/p>\n\t\t\t\t\t\t\t\t\t\t\t\t\t\t\t\t\t\t<\/div>\n\t\t\t\t<\/div>\n\t\t\t\t\t<\/div>\n\t\t\t\t\t\t<\/div>\n\t\t\t\t<\/div>\n\t\t\t\t<\/div>\n\t\t<div class=\"elementor-element elementor-element-d5c08c9 e-con-full e-flex e-con e-child\" data-id=\"d5c08c9\" data-element_type=\"container\">\n\t\t\t\t<div class=\"elementor-element elementor-element-0d1b57b wd-width-100 elementor-widget elementor-widget-wd_title\" data-id=\"0d1b57b\" data-element_type=\"widget\" data-widget_type=\"wd_title.default\">\n\t\t\t\t<div class=\"elementor-widget-container\">\n\t\t\t\t\t\t\t<div class=\"title-wrapper wd-set-mb reset-last-child wd-title-color-default wd-title-style-default wd-title-size-medium text-center\">\n\n\t\t\t\n\t\t\t<div class=\"liner-continer\">\n\t\t\t\t<h4 class=\"woodmart-title-container title wd-fontsize-xl\">Mat\u00e9riaux et personnalisation<\/h4> \n\t\t\t\t\t\t\t<\/div>\n\n\t\t\t\t\t<\/div>\n\t\t\t\t\t\t<\/div>\n\t\t\t\t<\/div>\n\t\t\t\t<div class=\"elementor-element elementor-element-3059bdd elementor-widget elementor-widget-wd_accordion\" data-id=\"3059bdd\" data-element_type=\"widget\" data-widget_type=\"wd_accordion.default\">\n\t\t\t\t<div class=\"elementor-widget-container\">\n\t\t\t\t\t\n\t\t<div class=\"wd-accordion wd-style-shadow wd-titles-left wd-opener-pos-right wd-opener-style-arrow\" data-state=\"all_closed\">\n\t\t\t\t\t\t\t\n\t\t\t\t<div class=\"wd-accordion-item\">\n\t\t\t\t\t<div class=\"wd-accordion-title\" data-accordion-index=\"0\">\n\t\t\t\t\t\t<div class=\"wd-accordion-title-text color-scheme-dark\">\n\t\t\t\t\t\t\t\t\t\t\t\t\t\t<span>\n\t\t\t\t\t\t\t\t8. Quels sont les produits que vous pouvez aider \u00e0 se procurer ?\t\t\t\t\t\t\t<\/span>\n\t\t\t\t\t\t<\/div>\n\t\t\t\t\t\t<span class=\"wd-accordion-opener\"><\/span>\n\t\t\t\t\t<\/div>\n\n\t\t\t\t\t<div class=\"wd-accordion-content wd-entry-content\" data-accordion-index=\"0\">\n\t\t\t\t\t\t\t\t\t\t\t\t\t\n\t\t\t\t\t\t\t<p class=\"\" data-start=\"1829\" data-end=\"1892\">Nous sommes sp\u00e9cialis\u00e9s dans :<\/p><ul data-start=\"1893\" data-end=\"2141\"><li class=\"\" data-start=\"1893\" data-end=\"1917\"><p class=\"\" data-start=\"1895\" data-end=\"1917\">Carreaux (mur et sol)<\/p><\/li><li class=\"\" data-start=\"1918\" data-end=\"1964\"><p class=\"\" data-start=\"1920\" data-end=\"1964\">Appareils sanitaires (toilettes, vanit\u00e9s, robinets)<\/p><\/li><li class=\"\" data-start=\"1965\" data-end=\"2007\"><p class=\"\" data-start=\"1967\" data-end=\"2007\">\u00c9clairage (int\u00e9rieur, ext\u00e9rieur, d\u00e9coratif)<\/p><\/li><li class=\"\" data-start=\"2008\" data-end=\"2054\"><p class=\"\" data-start=\"2010\" data-end=\"2054\">Meubles (lits, canap\u00e9s, tables, armoires)<\/p><\/li><li class=\"\" data-start=\"2055\" data-end=\"2074\"><p class=\"\" data-start=\"2057\" data-end=\"2074\">Portes et fen\u00eatres<\/p><\/li><li class=\"\" data-start=\"2075\" data-end=\"2107\"><p class=\"\" data-start=\"2077\" data-end=\"2107\">Armoires de cuisine et penderies<\/p><\/li><li class=\"\" data-start=\"2108\" data-end=\"2141\"><p class=\"\" data-start=\"2110\" data-end=\"2141\">Panneaux muraux, rev\u00eatements de sol et autres<\/p><\/li><\/ul>\n\t\t\t\t\t\t\t\t\t\t\t\t\t\t\t\t\t\t<\/div>\n\t\t\t\t<\/div>\n\t\t\t\t\t\t\t\n\t\t\t\t<div class=\"wd-accordion-item\">\n\t\t\t\t\t<div class=\"wd-accordion-title\" data-accordion-index=\"1\">\n\t\t\t\t\t\t<div class=\"wd-accordion-title-text color-scheme-dark\">\n\t\t\t\t\t\t\t\t\t\t\t\t\t\t<span>\n\t\t\t\t\t\t\t\t9. Pouvez-vous proposer des conceptions personnalis\u00e9es ?\t\t\t\t\t\t\t<\/span>\n\t\t\t\t\t\t<\/div>\n\t\t\t\t\t\t<span class=\"wd-accordion-opener\"><\/span>\n\t\t\t\t\t<\/div>\n\n\t\t\t\t\t<div class=\"wd-accordion-content wd-entry-content\" data-accordion-index=\"1\">\n\t\t\t\t\t\t\t\t\t\t\t\t\t\n\t\t\t\t\t\t\t<p>Oui. Nous travaillons avec des fabricants qui acceptent des dimensions, des finitions et des emballages personnalis\u00e9s. Faites-nous part de votre dessin ou d'une photo de r\u00e9f\u00e9rence et nous vous confirmerons la faisabilit\u00e9.<\/p>\n\t\t\t\t\t\t\t\t\t\t\t\t\t\t\t\t\t\t<\/div>\n\t\t\t\t<\/div>\n\t\t\t\t\t<\/div>\n\t\t\t\t\t\t<\/div>\n\t\t\t\t<\/div>\n\t\t\t\t<\/div>\n\t\t\t\t\t<\/div>\n\t\t\t\t<\/div>\n\t\t<div class=\"wd-negative-gap elementor-element elementor-element-044f34f e-flex e-con-boxed e-con e-parent\" data-id=\"044f34f\" data-element_type=\"container\">\n\t\t\t\t\t<div class=\"e-con-inner\">\n\t\t<div class=\"elementor-element elementor-element-5aeaf05 e-con-full e-flex e-con e-child\" data-id=\"5aeaf05\" data-element_type=\"container\">\n\t\t\t\t<div class=\"elementor-element elementor-element-9a4f198 wd-width-100 elementor-widget elementor-widget-wd_title\" data-id=\"9a4f198\" data-element_type=\"widget\" data-widget_type=\"wd_title.default\">\n\t\t\t\t<div class=\"elementor-widget-container\">\n\t\t\t\t\t\t\t<div class=\"title-wrapper wd-set-mb reset-last-child wd-title-color-default wd-title-style-default wd-title-size-medium text-center\">\n\n\t\t\t\n\t\t\t<div class=\"liner-continer\">\n\t\t\t\t<h4 class=\"woodmart-title-container title wd-fontsize-xl\">Contr\u00f4le de la qualit\u00e9 et inspection<\/h4> \n\t\t\t\t\t\t\t<\/div>\n\n\t\t\t\t\t<\/div>\n\t\t\t\t\t\t<\/div>\n\t\t\t\t<\/div>\n\t\t\t\t<div class=\"elementor-element elementor-element-dd05e83 elementor-widget elementor-widget-wd_accordion\" data-id=\"dd05e83\" data-element_type=\"widget\" data-widget_type=\"wd_accordion.default\">\n\t\t\t\t<div class=\"elementor-widget-container\">\n\t\t\t\t\t\n\t\t<div class=\"wd-accordion wd-style-shadow wd-titles-left wd-opener-pos-right wd-opener-style-arrow\" data-state=\"all_closed\">\n\t\t\t\t\t\t\t\n\t\t\t\t<div class=\"wd-accordion-item\">\n\t\t\t\t\t<div class=\"wd-accordion-title\" data-accordion-index=\"0\">\n\t\t\t\t\t\t<div class=\"wd-accordion-title-text color-scheme-dark\">\n\t\t\t\t\t\t\t\t\t\t\t\t\t\t<span>\n\t\t\t\t\t\t\t\t10. Comment assurez-vous la qualit\u00e9 ?\t\t\t\t\t\t\t<\/span>\n\t\t\t\t\t\t<\/div>\n\t\t\t\t\t\t<span class=\"wd-accordion-opener\"><\/span>\n\t\t\t\t\t<\/div>\n\n\t\t\t\t\t<div class=\"wd-accordion-content wd-entry-content\" data-accordion-index=\"0\">\n\t\t\t\t\t\t\t\t\t\t\t\t\t\n\t\t\t\t\t\t\t<p>Nous inspectons personnellement les marchandises avant leur exp\u00e9dition, en v\u00e9rifiant la quantit\u00e9, la consistance des mat\u00e9riaux, l'apparence, l'emballage et en testant des \u00e9chantillons au hasard. Les vid\u00e9os et les rapports sont communiqu\u00e9s \u00e0 chaque client.<\/p>\n\t\t\t\t\t\t\t\t\t\t\t\t\t\t\t\t\t\t<\/div>\n\t\t\t\t<\/div>\n\t\t\t\t\t\t\t\n\t\t\t\t<div class=\"wd-accordion-item\">\n\t\t\t\t\t<div class=\"wd-accordion-title\" data-accordion-index=\"1\">\n\t\t\t\t\t\t<div class=\"wd-accordion-title-text color-scheme-dark\">\n\t\t\t\t\t\t\t\t\t\t\t\t\t\t<span>\n\t\t\t\t\t\t\t\t11. Que se passe-t-il en cas de probl\u00e8me avec les marchandises ?\t\t\t\t\t\t\t<\/span>\n\t\t\t\t\t\t<\/div>\n\t\t\t\t\t\t<span class=\"wd-accordion-opener\"><\/span>\n\t\t\t\t\t<\/div>\n\n\t\t\t\t\t<div class=\"wd-accordion-content wd-entry-content\" data-accordion-index=\"1\">\n\t\t\t\t\t\t\t\t\t\t\t\t\t\n\t\t\t\t\t\t\t<p>En cas de probl\u00e8mes (par exemple, sp\u00e9cifications erron\u00e9es ou dommages), nous aidons \u00e0 n\u00e9gocier avec les usines pour des remplacements ou des compensations avant l'exp\u00e9dition. Notre processus de contr\u00f4le de qualit\u00e9 minimise les risques.<\/p>\n\t\t\t\t\t\t\t\t\t\t\t\t\t\t\t\t\t\t<\/div>\n\t\t\t\t<\/div>\n\t\t\t\t\t<\/div>\n\t\t\t\t\t\t<\/div>\n\t\t\t\t<\/div>\n\t\t\t\t<\/div>\n\t\t<div class=\"elementor-element elementor-element-3894b4f e-con-full e-flex e-con e-child\" data-id=\"3894b4f\" data-element_type=\"container\">\n\t\t\t\t<div class=\"elementor-element elementor-element-4155ff4 wd-width-100 elementor-widget elementor-widget-wd_title\" data-id=\"4155ff4\" data-element_type=\"widget\" data-widget_type=\"wd_title.default\">\n\t\t\t\t<div class=\"elementor-widget-container\">\n\t\t\t\t\t\t\t<div class=\"title-wrapper wd-set-mb reset-last-child wd-title-color-default wd-title-style-default wd-title-size-medium text-center\">\n\n\t\t\t\n\t\t\t<div class=\"liner-continer\">\n\t\t\t\t<h4 class=\"woodmart-title-container title wd-fontsize-xl\">Exp\u00e9dition et d\u00e9lais <\/h4> \n\t\t\t\t\t\t\t<\/div>\n\n\t\t\t\t\t<\/div>\n\t\t\t\t\t\t<\/div>\n\t\t\t\t<\/div>\n\t\t\t\t<div class=\"elementor-element elementor-element-3f216e8 elementor-widget elementor-widget-wd_accordion\" data-id=\"3f216e8\" data-element_type=\"widget\" data-widget_type=\"wd_accordion.default\">\n\t\t\t\t<div class=\"elementor-widget-container\">\n\t\t\t\t\t\n\t\t<div class=\"wd-accordion wd-style-shadow wd-titles-left wd-opener-pos-right wd-opener-style-arrow\" data-state=\"all_closed\">\n\t\t\t\t\t\t\t\n\t\t\t\t<div class=\"wd-accordion-item\">\n\t\t\t\t\t<div class=\"wd-accordion-title\" data-accordion-index=\"0\">\n\t\t\t\t\t\t<div class=\"wd-accordion-title-text color-scheme-dark\">\n\t\t\t\t\t\t\t\t\t\t\t\t\t\t<span>\n\t\t\t\t\t\t\t\t12. Quelle est la dur\u00e9e du processus ?\t\t\t\t\t\t\t<\/span>\n\t\t\t\t\t\t<\/div>\n\t\t\t\t\t\t<span class=\"wd-accordion-opener\"><\/span>\n\t\t\t\t\t<\/div>\n\n\t\t\t\t\t<div class=\"wd-accordion-content wd-entry-content\" data-accordion-index=\"0\">\n\t\t\t\t\t\t\t\t\t\t\t\t\t\n\t\t\t\t\t\t\t<p class=\"\" data-start=\"2866\" data-end=\"2996\">La plupart des projets n\u00e9cessitent un d\u00e9lai de 2 \u00e0 4 semaines pour l'approvisionnement et l'inspection des produits. L'exp\u00e9dition prend g\u00e9n\u00e9ralement :<\/p><ul data-start=\"2997\" data-end=\"3075\"><li class=\"\" data-start=\"2997\" data-end=\"3048\"><p class=\"\" data-start=\"2999\" data-end=\"3048\">Fret SEA : 2-6 semaines selon la destination<\/p><\/li><li class=\"\" data-start=\"3049\" data-end=\"3075\"><p class=\"\" data-start=\"3051\" data-end=\"3075\">Fret AIR : 7-12 jours<\/p><\/li><\/ul>\n\t\t\t\t\t\t\t\t\t\t\t\t\t\t\t\t\t\t<\/div>\n\t\t\t\t<\/div>\n\t\t\t\t\t\t\t\n\t\t\t\t<div class=\"wd-accordion-item\">\n\t\t\t\t\t<div class=\"wd-accordion-title\" data-accordion-index=\"1\">\n\t\t\t\t\t\t<div class=\"wd-accordion-title-text color-scheme-dark\">\n\t\t\t\t\t\t\t\t\t\t\t\t\t\t<span>\n\t\t\t\t\t\t\t\t13. Dois-je m'occuper des formalit\u00e9s douani\u00e8res ?\t\t\t\t\t\t\t<\/span>\n\t\t\t\t\t\t<\/div>\n\t\t\t\t\t\t<span class=\"wd-accordion-opener\"><\/span>\n\t\t\t\t\t<\/div>\n\n\t\t\t\t\t<div class=\"wd-accordion-content wd-entry-content\" data-accordion-index=\"1\">\n\t\t\t\t\t\t\t\t\t\t\t\t\t\n\t\t\t\t\t\t\t<p class=\"\" data-start=\"3077\" data-end=\"3277\">Si vous choisissez notre option d'exp\u00e9dition porte-\u00e0-porte, nous nous occupons de tous les frais de douane et de toutes les taxes. Pour les envois FOB\/CIF, votre agent local peut vous aider \u00e0 les d\u00e9douaner.<\/p>\n\t\t\t\t\t\t\t\t\t\t\t\t\t\t\t\t\t\t<\/div>\n\t\t\t\t<\/div>\n\t\t\t\t\t<\/div>\n\t\t\t\t\t\t<\/div>\n\t\t\t\t<\/div>\n\t\t\t\t<\/div>\n\t\t\t\t\t<\/div>\n\t\t\t\t<\/div>\n\t\t\t\t<\/div>","protected":false},"excerpt":{"rendered":"<p>Sourcing from China : FAQs Services de sourcing 1. Quels sont les services que vous proposez ? Nous fournissons des solutions d'approvisionnement de bout en bout pour les mat\u00e9riaux de construction<\/p>","protected":false},"author":1,"featured_media":0,"parent":0,"menu_order":0,"comment_status":"closed","ping_status":"closed","template":"","meta":{"footnotes":""},"class_list":["post-25001","page","type-page","status-publish","hentry"],"_links":{"self":[{"href":"https:\/\/foreasyhome.com\/fr\/wp-json\/wp\/v2\/pages\/25001","targetHints":{"allow":["GET"]}}],"collection":[{"href":"https:\/\/foreasyhome.com\/fr\/wp-json\/wp\/v2\/pages"}],"about":[{"href":"https:\/\/foreasyhome.com\/fr\/wp-json\/wp\/v2\/types\/page"}],"author":[{"embeddable":true,"href":"https:\/\/foreasyhome.com\/fr\/wp-json\/wp\/v2\/users\/1"}],"replies":[{"embeddable":true,"href":"https:\/\/foreasyhome.com\/fr\/wp-json\/wp\/v2\/comments?post=25001"}],"version-history":[{"count":134,"href":"https:\/\/foreasyhome.com\/fr\/wp-json\/wp\/v2\/pages\/25001\/revisions"}],"predecessor-version":[{"id":27664,"href":"https:\/\/foreasyhome.com\/fr\/wp-json\/wp\/v2\/pages\/25001\/revisions\/27664"}],"wp:attachment":[{"href":"https:\/\/foreasyhome.com\/fr\/wp-json\/wp\/v2\/media?parent=25001"}],"curies":[{"name":"wp","href":"https:\/\/api.w.org\/{rel}","templated":true}]}}